{"id":25307,"date":"2024-04-18T13:11:27","date_gmt":"2024-04-18T13:11:27","guid":{"rendered":"http:\/\/spa5-v4.art-designing.com\/?page_id=2"},"modified":"2025-08-20T11:58:57","modified_gmt":"2025-08-20T11:58:57","slug":"sample-page-2","status":"publish","type":"page","link":"https:\/\/www.qm-designer.de\/","title":{"rendered":"Accueil"},"content":{"rendered":"\n<div class=\"wp-block-cover is-light bloc1\" style=\"min-height:100vh;aspect-ratio:unset;\"><img loading=\"lazy\" decoding=\"async\" width=\"1920\" height=\"950\" class=\"wp-block-cover__image-background wp-image-25320\" alt=\"\" src=\"https:\/\/www.qm-designer.de\/wp-content\/uploads\/2024\/06\/Lassen-Sie-Ihre-Projekte-mit-unserer-Agentur-abheben-1.webp\" data-object-fit=\"cover\" srcset=\"https:\/\/www.qm-designer.de\/wp-content\/uploads\/2024\/06\/Lassen-Sie-Ihre-Projekte-mit-unserer-Agentur-abheben-1.webp 1920w, https:\/\/www.qm-designer.de\/wp-content\/uploads\/2024\/06\/Lassen-Sie-Ihre-Projekte-mit-unserer-Agentur-abheben-1-300x148.webp 300w, https:\/\/www.qm-designer.de\/wp-content\/uploads\/2024\/06\/Lassen-Sie-Ihre-Projekte-mit-unserer-Agentur-abheben-1-1024x507.webp 1024w, https:\/\/www.qm-designer.de\/wp-content\/uploads\/2024\/06\/Lassen-Sie-Ihre-Projekte-mit-unserer-Agentur-abheben-1-768x380.webp 768w, https:\/\/www.qm-designer.de\/wp-content\/uploads\/2024\/06\/Lassen-Sie-Ihre-Projekte-mit-unserer-Agentur-abheben-1-1536x760.webp 1536w\" sizes=\"auto, (max-width: 1920px) 100vw, 1920px\"><span aria-hidden=\"true\" class=\"wp-block-cover__background has-background-dim-0 has-background-dim\" style=\"background-color:#e6ddce\"><\/span><div class=\"wp-block-cover__inner-container has-global-padding is-layout-constrained wp-block-cover-is-layout-constrained\">\n<div class=\"wp-block-columns is-layout-flex wp-container-core-columns-is-layout-28f84493 wp-block-columns-is-layout-flex\">\n<div class=\"wp-block-column is-layout-flow wp-block-column-is-layout-flow\">\n<figure class=\"wp-block-image size-full animated slideInUp\"><img loading=\"lazy\" decoding=\"async\" width=\"127\" height=\"115\" src=\"https:\/\/www.qm-designer.de\/wp-content\/uploads\/2024\/06\/DESIGN.webp\" alt=\"\" class=\"wp-image-25356\"><\/figure>\n\n\n\n<div style=\"height:10px\" aria-hidden=\"true\" class=\"wp-block-spacer\"><\/div>\n\n\n\n<h1 class=\"wp-block-heading animated slideInUp slow has-text-color has-link-color wp-elements-4d3f5e6af95c9326f0d7e0cc35ef6857\" style=\"color:#252b51;font-size:50px\">Lassen Sie Ihre Projekte mit unserer Agentur abheben!<\/h1>\n\n\n\n<div style=\"height:10px\" aria-hidden=\"true\" class=\"wp-block-spacer\"><\/div>\n\n\n\n<p class=\"animated slideInUp slower has-text-color has-link-color wp-elements-1ed32223d0c5e9c0d03f26951bc19bf4\" style=\"color:#7c746b\">Unser Expertenteam verf\u00fcgt \u00fcber umfassende Erfahrung in den Bereichen Webdesign, Suchmaschinenoptimierung, Inhaltserstellung, digitales Marketing und mehr. Mit unserer Hilfe k\u00f6nnen Sie Ihre Ziele erfolgreicher erreichen.<\/p>\n<\/div>\n\n\n\n<div class=\"wp-block-column is-layout-flow wp-block-column-is-layout-flow\"><\/div>\n<\/div>\n<\/div><\/div>\n\n\n\n<div class=\"wp-block-group ccc overflow-hidden has-global-padding is-layout-constrained wp-block-group-is-layout-constrained has-background\" style=\"padding-bottom:130px;background-image:url('https:\/\/www.qm-designer.de\/wp-content\/uploads\/2024\/06\/Die-Starken-einer-qualitativ-hochwertigen-Digitalagentur-1-1.webp');background-size:cover;\">\n<figure class=\"wp-block-image aligncenter size-full\"><img loading=\"lazy\" decoding=\"async\" width=\"40\" height=\"70\" src=\"https:\/\/www.qm-designer.de\/wp-content\/uploads\/2020\/02\/spa5-arrow.png\" alt=\"\" class=\"wp-image-25023\"><\/figure>\n\n\n\n<div style=\"height:100px\" aria-hidden=\"true\" class=\"wp-block-spacer\"><\/div>\n\n\n\n<p class=\"has-text-align-center petit-titre animated slideInUp has-text-color has-link-color wp-elements-8ea56b3942de8f395609e1d74c7ad5e2\" style=\"color:#464852;font-size:12px;letter-spacing:4px;text-transform:uppercase\">INTERNET-SITES<\/p>\n\n\n\n<h2 class=\"wp-block-heading has-text-align-center animated slideInUp slower has-text-color has-link-color wp-elements-bb201db875fee7d26e9cc59cc7862c58\" style=\"color:#252b51;font-size:45px\">Die St\u00e4rken einer qualitativ hochwertigen Digitalagentur<\/h2>\n\n\n\n<div style=\"height:40px\" aria-hidden=\"true\" class=\"wp-block-spacer\"><\/div>\n\n\n\n<div class=\"wp-block-columns reduitb animated fadeInUp slower is-layout-flex wp-container-core-columns-is-layout-95e64144 wp-block-columns-is-layout-flex\">\n<div class=\"wp-block-column is-layout-flow wp-block-column-is-layout-flow\">\n<figure class=\"wp-block-image aligncenter size-full is-resized\"><img loading=\"lazy\" decoding=\"async\" width=\"120\" height=\"120\" src=\"https:\/\/www.qm-designer.de\/wp-content\/uploads\/2024\/06\/Erstellung-von-Logos-1.webp\" alt=\"\" class=\"wp-image-25342\" style=\"width:120px;height:auto\"><\/figure>\n\n\n\n<div style=\"height:10px\" aria-hidden=\"true\" class=\"wp-block-spacer\"><\/div>\n\n\n\n<h3 class=\"wp-block-heading has-text-align-center has-text-color has-link-color wp-elements-de87f1b7afa722f10327b5342082d581\" style=\"color:#252b51;font-size:19px\">Erstellung von Logos<\/h3>\n\n\n\n<p class=\"has-text-align-center\">Dies ist die visuelle Identit\u00e4t eines Unternehmens: Typografie, Farbpalette, Bilder.<\/p>\n<\/div>\n\n\n\n<div class=\"wp-block-column is-layout-flow wp-block-column-is-layout-flow\">\n<figure class=\"wp-block-image aligncenter size-full\"><img loading=\"lazy\" decoding=\"async\" width=\"120\" height=\"120\" src=\"https:\/\/www.qm-designer.de\/wp-content\/uploads\/2024\/06\/Neugestaltung-einer-Schaufensterseite.webp\" alt=\"\" class=\"wp-image-25343\"><\/figure>\n\n\n\n<div style=\"height:10px\" aria-hidden=\"true\" class=\"wp-block-spacer\"><\/div>\n\n\n\n<h3 class=\"wp-block-heading has-text-align-center has-text-color has-link-color wp-elements-941e9bb8a18a3f9f301032f3a3b8393d\" style=\"color:#252b51;font-size:19px\">Neugestaltung einer Schaufensterseite<\/h3>\n\n\n\n<p class=\"has-text-align-center\">Erstellen und aktualisieren Sie eine Website, die auf Ihre speziellen Bed\u00fcrfnisse zugeschnitten ist.<\/p>\n<\/div>\n\n\n\n<div class=\"wp-block-column is-layout-flow wp-block-column-is-layout-flow\">\n<figure class=\"wp-block-image aligncenter size-full\"><img loading=\"lazy\" decoding=\"async\" width=\"120\" height=\"120\" src=\"https:\/\/www.qm-designer.de\/wp-content\/uploads\/2024\/06\/Landing-Page.webp\" alt=\"\" class=\"wp-image-25344\"><\/figure>\n\n\n\n<div style=\"height:10px\" aria-hidden=\"true\" class=\"wp-block-spacer\"><\/div>\n\n\n\n<h3 class=\"wp-block-heading has-text-align-center has-text-color has-link-color wp-elements-16960658165525db7da3e416fc7fedc8\" style=\"color:#252b51;font-size:19px\">Landing Page<\/h3>\n\n\n\n<p class=\"has-text-align-center\">Erstellen Sie eine leistungsstarke und effektive Landingpage, die auf Ihr Zielpublikum zugeschnitten ist.<\/p>\n<\/div>\n<\/div>\n\n\n\n<div style=\"height:40px\" aria-hidden=\"true\" class=\"wp-block-spacer\"><\/div>\n\n\n\n<div class=\"wp-block-columns reduitb animated fadeInUp slower is-layout-flex wp-container-core-columns-is-layout-95e64144 wp-block-columns-is-layout-flex\">\n<div class=\"wp-block-column is-layout-flow wp-block-column-is-layout-flow\">\n<figure class=\"wp-block-image aligncenter size-full\"><img loading=\"lazy\" decoding=\"async\" width=\"120\" height=\"120\" src=\"https:\/\/www.qm-designer.de\/wp-content\/uploads\/2024\/06\/E-Commerce-Website.webp\" alt=\"\" class=\"wp-image-25345\"><\/figure>\n\n\n\n<div style=\"height:10px\" aria-hidden=\"true\" class=\"wp-block-spacer\"><\/div>\n\n\n\n<h3 class=\"wp-block-heading has-text-align-center has-text-color has-link-color wp-elements-33192c4ab054b11622e9f311749e0e66\" style=\"color:#252b51;font-size:19px\">E-Commerce-Website<\/h3>\n\n\n\n<p class=\"has-text-align-center\">Erstellen Sie eine schnelle, sichere und benutzerfreundliche Website f\u00fcr die SEO-Optimierung.<\/p>\n<\/div>\n\n\n\n<div class=\"wp-block-column is-layout-flow wp-block-column-is-layout-flow\">\n<figure class=\"wp-block-image aligncenter size-full\"><img loading=\"lazy\" decoding=\"async\" width=\"120\" height=\"120\" src=\"https:\/\/www.qm-designer.de\/wp-content\/uploads\/2024\/06\/Mobile-Anwendung.webp\" alt=\"\" class=\"wp-image-25346\"><\/figure>\n\n\n\n<div style=\"height:10px\" aria-hidden=\"true\" class=\"wp-block-spacer\"><\/div>\n\n\n\n<h3 class=\"wp-block-heading has-text-align-center has-text-color has-link-color wp-elements-bb5c3207a998b112c86d2ecb2e3baaf2\" style=\"color:#252b51;font-size:19px\">Mobile Anwendung<\/h3>\n\n\n\n<p class=\"has-text-align-center\">Erstellen Sie eine mobile Anwendung, die den Bed\u00fcrfnissen und Zielen Ihrer Kunden entspricht.<\/p>\n<\/div>\n\n\n\n<div class=\"wp-block-column is-layout-flow wp-block-column-is-layout-flow\">\n<figure class=\"wp-block-image aligncenter size-full\"><img loading=\"lazy\" decoding=\"async\" width=\"120\" height=\"120\" src=\"https:\/\/www.qm-designer.de\/wp-content\/uploads\/2024\/06\/Grafische-Gestaltung.webp\" alt=\"\" class=\"wp-image-25347\"><\/figure>\n\n\n\n<div style=\"height:10px\" aria-hidden=\"true\" class=\"wp-block-spacer\"><\/div>\n\n\n\n<h3 class=\"wp-block-heading has-text-align-center has-text-color has-link-color wp-elements-a6c2450c36cc9f0dbb4a7f0edb61d79f\" style=\"color:#252b51;font-size:19px\">Grafische Gestaltung<\/h3>\n\n\n\n<p class=\"has-text-align-center\">Logo-Design, Webseiten-Layouts und Markenimage.<\/p>\n<\/div>\n<\/div>\n<\/div>\n\n\n\n<div class=\"wp-block-columns mb-0 overflow-hidden is-layout-flex wp-container-core-columns-is-layout-33ba964e wp-block-columns-is-layout-flex\">\n<div class=\"wp-block-column is-vertically-aligned-stretch is-layout-flow wp-block-column-is-layout-flow\" style=\"flex-basis:50%\">\n<div class=\"wp-block-cover is-light\" style=\"min-height:100%;aspect-ratio:unset;\"><img loading=\"lazy\" decoding=\"async\" width=\"960\" height=\"1021\" class=\"wp-block-cover__image-background wp-image-25253\" alt=\"Erarbeitung einer SEO-Strategie\" src=\"https:\/\/www.qm-designer.de\/wp-content\/uploads\/2023\/10\/Erarbeitung-einer-SEO-Strategie.webp\" data-object-fit=\"cover\" srcset=\"https:\/\/www.qm-designer.de\/wp-content\/uploads\/2023\/10\/Erarbeitung-einer-SEO-Strategie.webp 960w, https:\/\/www.qm-designer.de\/wp-content\/uploads\/2023\/10\/Erarbeitung-einer-SEO-Strategie-282x300.webp 282w, https:\/\/www.qm-designer.de\/wp-content\/uploads\/2023\/10\/Erarbeitung-einer-SEO-Strategie-768x817.webp 768w\" sizes=\"auto, (max-width: 960px) 100vw, 960px\"><span aria-hidden=\"true\" class=\"wp-block-cover__background has-background-dim-0 has-background-dim\" style=\"background-color:#c4ada2\"><\/span><div class=\"wp-block-cover__inner-container has-global-padding is-layout-constrained wp-block-cover-is-layout-constrained\">\n<p class=\"has-text-align-center has-large-font-size\"><\/p>\n<\/div><\/div>\n<\/div>\n\n\n\n<div class=\"wp-block-column is-vertically-aligned-stretch part-right text-center animated slideInRight has-base-2-background-color has-background is-layout-flow wp-block-column-is-layout-flow\" style=\"padding-top:150px;padding-right:100px;padding-bottom:150px;padding-left:100px;flex-basis:50%\">\n<p class=\"has-text-align-center petit-titre has-text-color has-link-color wp-elements-e3bf3ce1ebfa540c90d55fffa14b98c9\" style=\"color:#464852;font-size:12px;letter-spacing:4px;text-transform:uppercase\">NAT\u00dcRLICHE REFERENZIERUNG<\/p>\n\n\n\n<h2 class=\"wp-block-heading has-text-align-center has-text-color has-link-color wp-elements-dcdb4161732cc662302a35bfdff04902\" style=\"color:#252b51;font-size:50px\">Erarbeitung einer SEO-Strategie<\/h2>\n\n\n\n<div style=\"height:30px\" aria-hidden=\"true\" class=\"wp-block-spacer\"><\/div>\n\n\n\n<p class=\"has-text-align-center\">Die Entwicklung einer erfolgreichen SEO-Strategie erfordert eine effektive nat\u00fcrliche Suchmaschinenoptimierung (SEO). Mithilfe der nat\u00fcrlichen Suchmaschinenoptimierung k\u00f6nnen Unternehmen ihre Sichtbarkeit auf den Ergebnisseiten von Suchmaschinen maximieren und mehr Besucher auf ihre Websites lenken.<\/p>\n\n\n\n<div style=\"height:30px\" aria-hidden=\"true\" class=\"wp-block-spacer\"><\/div>\n\n\n\n<p class=\"has-text-align-center cadre\">Durch seine Vielseitigkeit und Effektivit\u00e4t ist SEO von entscheidender Bedeutung.<\/p>\n<\/div>\n<\/div>\n\n\n\n<div class=\"wp-block-group bloc3 has-global-padding is-layout-constrained wp-block-group-is-layout-constrained has-background\" style=\"padding-top:180px;padding-bottom:180px;background-image:url('https:\/\/www.qm-designer.de\/wp-content\/uploads\/2024\/06\/SOZIALES-MARKETING-2-1.webp');background-size:cover;\">\n<p class=\"has-text-align-center petit-titre has-text-color has-link-color wp-elements-de8e4fa345ccfb32782f16e0595a4eb4\" style=\"color:#464852;font-size:12px;letter-spacing:4px;text-transform:uppercase\">SOZIALES MARKETING<\/p>\n\n\n\n<h2 class=\"wp-block-heading has-text-align-center has-text-color has-link-color wp-elements-6979266e15f37115fae9737a456027cd\" style=\"color:#252b51;font-size:30px\">Unsere Dienstleistungen im Bereich Community Management und Social Media.<\/h2>\n\n\n\n<div style=\"height:30px\" aria-hidden=\"true\" class=\"wp-block-spacer\"><\/div>\n\n\n\n<p class=\"has-text-align-center parag\" style=\"padding-right:var(--wp--preset--spacing--50);padding-left:var(--wp--preset--spacing--50)\">Dienstleistungen im Bereich Community Management und Social Media sind f\u00fcr den Erfolg eines Unternehmens von entscheidender Bedeutung. Sie k\u00f6nnen dabei helfen, ein Zielpublikum zu erreichen, Traffic zu generieren und eine starke Marke aufzubauen. Mit unseren Dienstleistungen im Bereich Community Management und Social Media k\u00f6nnen Sie Ihre Sichtbarkeit erh\u00f6hen, Ihren Umsatz steigern und die Kundenbindung verbessern. Wir bieten einen personalisierten Service, um f\u00fcr jeden unserer Kunden die besten Ergebnisse zu erzielen.<\/p>\n<\/div>\n\n\n\n<div style=\"background-image:url('https:\/\/www.qm-designer.de\/wp-content\/uploads\/2023\/10\/AUDIT-DE-SITE.webp');background-size:cover;\" class=\"wp-block-group overflow-hidden has-global-padding is-layout-constrained wp-block-group-is-layout-constrained has-background\">\n<div class=\"wp-block-group blocc has-base-2-background-color has-background is-vertical is-content-justification-center is-nowrap is-layout-flex wp-container-core-group-is-layout-58935fbf wp-block-group-is-layout-flex\" style=\"padding-top:120px;padding-right:80px;padding-bottom:120px;padding-left:80px\">\n<p class=\"has-text-align-center petit-titre animated slideInUp has-text-color has-link-color wp-elements-c0fbf02e6a2f509b327a64619ffcc7e3\" style=\"color:#464852;font-size:12px;letter-spacing:4px;text-transform:uppercase\">AUDIT DER WEBSITE<\/p>\n\n\n\n<h2 class=\"wp-block-heading has-text-align-center animated slideInUp slower has-text-color has-link-color wp-elements-154aceb2ed3a186dc892ea498dbbf46a\" style=\"color:#252b51;font-size:50px\">Verfolgung, Analyse und Berichterstattung Ihrer Webprojekte<\/h2>\n\n\n\n<div style=\"height:0px\" aria-hidden=\"true\" class=\"wp-block-spacer wp-container-content-1cacd481\"><\/div>\n\n\n\n<div class=\"wp-block-columns is-layout-flex wp-container-core-columns-is-layout-33ba964e wp-block-columns-is-layout-flex\">\n<div class=\"wp-block-column xxx animated slideInLeft is-layout-flow wp-block-column-is-layout-flow\" style=\"border-right-color:#f5ede3;border-right-width:1px;padding-right:60px;padding-left:60px\">\n<figure class=\"wp-block-image aligncenter size-full\"><img loading=\"lazy\" decoding=\"async\" width=\"77\" height=\"77\" src=\"https:\/\/www.qm-designer.de\/wp-content\/uploads\/2024\/06\/Optimiser-votre-tunnel.png\" alt=\"\" class=\"wp-image-25335\"><\/figure>\n\n\n\n<div style=\"height:10px\" aria-hidden=\"true\" class=\"wp-block-spacer\"><\/div>\n\n\n\n<h3 class=\"wp-block-heading has-text-align-center has-text-color has-link-color wp-elements-04201c0efca3f092e26b2123892f5fda\" style=\"color:#252b51;font-size:21px\">Ihren Konversionstunnel optimieren<\/h3>\n\n\n\n<div style=\"height:10px\" aria-hidden=\"true\" class=\"wp-block-spacer\"><\/div>\n\n\n\n<p class=\"has-text-align-center\">Wenn Marketingfachleute die einzelnen Schritte des Trichters verstehen und die Daten aus dem Trichter analysieren, k\u00f6nnen sie zielgerichtete Kampagnen erstellen.<\/p>\n<\/div>\n\n\n\n<div class=\"wp-block-column xxx animated slideInRight is-layout-flow wp-block-column-is-layout-flow\" style=\"padding-right:60px;padding-left:60px\">\n<figure class=\"wp-block-image aligncenter size-full\"><img loading=\"lazy\" decoding=\"async\" width=\"77\" height=\"77\" src=\"https:\/\/www.qm-designer.de\/wp-content\/uploads\/2024\/06\/Mesurer-finement.webp\" alt=\"\" class=\"wp-image-25334\"><\/figure>\n\n\n\n<div style=\"height:10px\" aria-hidden=\"true\" class=\"wp-block-spacer\"><\/div>\n\n\n\n<h3 class=\"wp-block-heading has-text-align-center has-text-color has-link-color wp-elements-61380c00a2b021a86633c236e2f2e132\" style=\"color:#252b51;font-size:21px\">Leistung fein messen<\/h3>\n\n\n\n<div style=\"height:10px\" aria-hidden=\"true\" class=\"wp-block-spacer\"><\/div>\n\n\n\n<p class=\"has-text-align-center\">Marketinginstrumente k\u00f6nnen Echtzeitinformationen \u00fcber Seitenaufrufe, die auf der Seite verbrachte Zeit, die Absprungrate usw. liefern.<\/p>\n<\/div>\n<\/div>\n<\/div>\n<\/div>\n\n\n\n<div class=\"wp-block-group bloc3 has-global-padding is-layout-constrained wp-block-group-is-layout-constrained has-background\" style=\"padding-top:180px;padding-bottom:180px;background-image:url('https:\/\/www.qm-designer.de\/wp-content\/uploads\/2024\/06\/WEBDESIGN-1.webp');background-size:cover;\">\n<p class=\"has-text-align-center petit-titre has-text-color has-link-color wp-elements-064a420b5e7e6ccb439f013ae9788222\" style=\"color:#464852;font-size:12px;letter-spacing:4px;text-transform:uppercase\">WEBDESIGN<\/p>\n\n\n\n<h2 class=\"wp-block-heading has-text-align-center has-text-color has-link-color wp-elements-cb5ba3de4b76e5e69c0a2c25cc1689d1\" style=\"color:#252b51;font-size:40px\">Eine auf Ihr Gesch\u00e4ft zugeschnittene \u00dcbersicht<\/h2>\n\n\n\n<div style=\"height:40px\" aria-hidden=\"true\" class=\"wp-block-spacer\"><\/div>\n\n\n\n<div class=\"wp-block-columns overflow-hidden is-layout-flex wp-container-core-columns-is-layout-33ba964e wp-block-columns-is-layout-flex\">\n<div class=\"wp-block-column is-layout-flow wp-block-column-is-layout-flow\" style=\"flex-basis:50%\">\n<div class=\"wp-block-cover is-light\" style=\"min-height:100%;aspect-ratio:unset;\"><img loading=\"lazy\" decoding=\"async\" width=\"780\" height=\"690\" class=\"wp-block-cover__image-background wp-image-25255\" alt=\"Logo &amp; Markenimage\" src=\"https:\/\/www.qm-designer.de\/wp-content\/uploads\/2023\/10\/Logo-Markenimage.webp\" data-object-fit=\"cover\" srcset=\"https:\/\/www.qm-designer.de\/wp-content\/uploads\/2023\/10\/Logo-Markenimage.webp 780w, https:\/\/www.qm-designer.de\/wp-content\/uploads\/2023\/10\/Logo-Markenimage-300x265.webp 300w, https:\/\/www.qm-designer.de\/wp-content\/uploads\/2023\/10\/Logo-Markenimage-768x679.webp 768w\" sizes=\"auto, (max-width: 780px) 100vw, 780px\"><span aria-hidden=\"true\" class=\"wp-block-cover__background has-background-dim-0 has-background-dim\" style=\"background-color:#7d746d\"><\/span><div class=\"wp-block-cover__inner-container has-global-padding is-layout-constrained wp-block-cover-is-layout-constrained\">\n<p class=\"has-text-align-center has-large-font-size\"><\/p>\n<\/div><\/div>\n<\/div>\n\n\n\n<div class=\"wp-block-column rigt has-base-2-background-color has-background is-layout-flow wp-block-column-is-layout-flow\" style=\"padding-top:100px;padding-right:80px;padding-bottom:80px;padding-left:80px;flex-basis:50%\">\n<h3 class=\"wp-block-heading has-text-align-center animated slideInUp has-text-color has-link-color wp-elements-6488a18c7e42c3bfc3c27007bdef1ced\" style=\"color:#252b51;font-size:30px\">Logo &amp; Markenimage<\/h3>\n\n\n\n<div style=\"height:10px\" aria-hidden=\"true\" class=\"wp-block-spacer\"><\/div>\n\n\n\n<p class=\"animated slideInUp slower\">Ihr Logo und Ihr Markenimage sind ein wesentlicher Bestandteil Ihres Unternehmens. Das richtige Logo und das richtige Markenimage zu haben, kann einen bleibenden Eindruck bei potenziellen Kunden hinterlassen, Ihnen helfen, sich von der Konkurrenz abzuheben und Ihre Pr\u00e4senz in der digitalen Welt zu erh\u00f6hen.<\/p>\n<\/div>\n<\/div>\n<\/div>\n\n\n\n<div class=\"wp-block-group has-background has-global-padding is-layout-constrained wp-block-group-is-layout-constrained\" style=\"background-color:#252b51;padding-top:150px;padding-bottom:150px\">\n<p class=\"has-text-align-center petit-titre has-text-color has-link-color wp-elements-fa0925b3e7a601f3ac59bf17cef9940a\" style=\"color:#ef4a24;font-size:12px;letter-spacing:4px;text-transform:uppercase\">QUALITATIV HOCHWERTIGER INHALT<\/p>\n\n\n\n<h2 class=\"wp-block-heading has-text-align-center has-base-2-color has-text-color has-link-color wp-elements-ca7a6d2cbc4d284790bd2a5223cbf68e\" style=\"font-size:40px\">Eine datenzentrierte Methode zur Optimierung von Inhalten.<\/h2>\n\n\n\n<div style=\"height:10px\" aria-hidden=\"true\" class=\"wp-block-spacer\"><\/div>\n\n\n\n<p class=\"has-text-align-center parag has-base-2-color has-text-color has-link-color wp-elements-980b61819df6f38e61356a28ff685ec2\" style=\"padding-right:150px;padding-left:150px\">Qualitativ hochwertige Inhalte sind f\u00fcr den Erfolg jeder Website oder jedes Blogs von entscheidender Bedeutung. Als solche sind datenzentrierte Methoden zur Inhaltsoptimierung immer beliebter geworden. Datenzentrierte Methoden zur Inhaltsoptimierung k\u00f6nnen Ihnen helfen, bessere Inhalte zu erstellen, die Ihr Publikum ansprechen und mehr Besucher auf Ihre Website bringen.<\/p>\n<\/div>\n\n\n\n<div class=\"wp-block-group has-background has-global-padding is-layout-constrained wp-block-group-is-layout-constrained\" style=\"background-color:#f5ede5;padding-top:var(--wp--preset--spacing--40);padding-bottom:var(--wp--preset--spacing--40)\">\n<h2 class=\"wp-block-heading has-text-align-center has-text-color has-link-color wp-elements-093c9f446d0ba0e94c70faa67e40d65b\" style=\"color:#181a1f;font-size:32px;font-style:normal;font-weight:400\">Webseiten-Erstellung f\u00fcr Veranstaltungen: Digitale L\u00f6sungen f\u00fcr unvergessliche Erlebnisse<\/h2>\n\n\n\n<p class=\"has-text-align-center container has-text-color has-link-color wp-elements-3014683fb30de7ecbb5a1c8a3a831db9\" style=\"color:#212529;margin-top:var(--wp--preset--spacing--20);margin-bottom:var(--wp--preset--spacing--40);font-size:18px;font-style:normal;font-weight:300;line-height:1.6\">Umfassendes Branchenwissen erm\u00f6glicht ein tiefes Verst\u00e4ndnis der Anforderungen im Eventbereich, von Planung bis Teilnehmermanagement. Massgeschneiderte digitale L\u00f6sungen und innovative Funktionen optimieren die Pr\u00e4sentation, die Interaktion mit dem Publikum und die Organisation von Veranstaltungen.<\/p>\n\n\n\n<div class=\"wp-block-gutenberg-custom17-medialab-partner-agence mt-3 owl-carousel link-agence-carousel owl-theme\" owl-items-show=\"3\" owl-hover=\"none\"><div class=\"item\"><img decoding=\"async\" src=\"https:\/\/www.qm-designer.de\/wp-content\/uploads\/2025\/02\/event-stand.png\"><div color=\"#000000\" class=\"text-center content-slide-text\"><a href=\"https:\/\/www.event-stand.fr\/\">event-stand.fr<\/a><\/div><\/div><div class=\"item\"><img decoding=\"async\" src=\"https:\/\/www.qm-designer.de\/wp-content\/uploads\/2025\/02\/ethik-et-marketing.png\"><div color=\"#000000\" class=\"text-center content-slide-text\"><a href=\"https:\/\/www.ethik-et-marketing.fr\/\">ethik-et-marketing.fr<\/a><\/div><\/div><\/div>\n<\/div>\n","protected":false},"excerpt":{"rendered":"<p>INTERNET-SITES Die St\u00e4rken einer qualitativ hochwertigen Digitalagentur Erstellung von Logos Dies ist die visuelle Identit\u00e4t eines Unternehmens: Typografie, Farbpalette, Bilder. Neugestaltung einer Schaufensterseite Erstellen und aktualisieren Sie eine Website, die auf Ihre speziellen Bed\u00fcrfnisse zugeschnitten ist. Landing Page Erstellen Sie&#8230;<\/p>\n","protected":false},"author":2,"featured_media":0,"parent":0,"menu_order":0,"comment_status":"closed","ping_status":"closed","template":"","meta":{"footnotes":""},"class_list":["post-25307","page","type-page","status-publish","hentry"],"_links":{"self":[{"href":"https:\/\/www.qm-designer.de\/index.php\/wp-json\/wp\/v2\/pages\/25307","targetHints":{"allow":["GET"]}}],"collection":[{"href":"https:\/\/www.qm-designer.de\/index.php\/wp-json\/wp\/v2\/pages"}],"about":[{"href":"https:\/\/www.qm-designer.de\/index.php\/wp-json\/wp\/v2\/types\/page"}],"author":[{"embeddable":true,"href":"https:\/\/www.qm-designer.de\/index.php\/wp-json\/wp\/v2\/users\/2"}],"replies":[{"embeddable":true,"href":"https:\/\/www.qm-designer.de\/index.php\/wp-json\/wp\/v2\/comments?post=25307"}],"version-history":[{"count":3,"href":"https:\/\/www.qm-designer.de\/index.php\/wp-json\/wp\/v2\/pages\/25307\/revisions"}],"predecessor-version":[{"id":25386,"href":"https:\/\/www.qm-designer.de\/index.php\/wp-json\/wp\/v2\/pages\/25307\/revisions\/25386"}],"wp:attachment":[{"href":"https:\/\/www.qm-designer.de\/index.php\/wp-json\/wp\/v2\/media?parent=25307"}],"curies":[{"name":"wp","href":"https:\/\/api.w.org\/{rel}","templated":true}]}}